{"id":2256,"date":"2024-07-15T12:03:26","date_gmt":"2024-07-15T10:03:26","guid":{"rendered":"https:\/\/monguzzi.codeforce.it\/privacy-policy\/"},"modified":"2024-12-17T14:26:33","modified_gmt":"2024-12-17T13:26:33","slug":"privacy-policy","status":"publish","type":"page","link":"https:\/\/monguzzi.codeforce.it\/en\/privacy-policy\/","title":{"rendered":"Privacy"},"content":{"rendered":"<section class=\"text-media-simple mt-0 wide-grid\">\n\t<article>\n\t\t<div class=\"container\">\n\t\t\t<div class=\"row\">\n\t\t\t\t<div class=\"col-12 col-lg-8\">\n\t\t\t\t\t<article class=\"article\">\n\t\t\t\t\t<header><h2>INFORMATIVA EX ARTT. 13-14 REG. UE N. 2016\/679 PER IL TRATTAMENTO DEI DATI PERSONALI<\/h2><\/header><p style=\"float: left; margin-top: 35px; margin-bottom: 30px;\">Gentile navigatore,<br \/>\n<strong>MONGUZZI s.r.l.<\/strong> con la presente, la informa che, ai sensi e per gli effetti degli articoli 13 e 14 del Regolamento Europeo n. 2016\/679 GDPR, i dati acquisiti e\/o da Lei forniti, saranno oggetto di trattamento nel rispetto delle normative sotto richiamate.<\/p>\n<h2><b>Ruoli<\/b><\/h2>\n<p>Il Titolare del Trattamento \u00e8: MONGUZZI s.r.l. , Via Buonarroti 5 &#8211; 20813 Bovisio Masciago (MB) &#8211; Italy, info@monguzzibordi.com<\/p>\n<h2><b>Finalit\u00e0 dei trattamenti non obbligatori<\/b><\/h2>\n<p><b>Trattamento dei dati personali per la profilazione<\/b><\/p>\n<p>Con il Suo consenso libero e facoltativo (articolo 6, paragrafo 1, lettera a) del GDPR), esprimibile selezionando l&#8217;apposita casella di consenso sul sito web, MONGUZZI s.r.l. tratter\u00e0 i suoi dati personali per finalit\u00e0 di profilazione, al fine di poterle inviare comunicazioni promozionali personalizzate e coerenti con il Suo profilo, per effettuare analisi ed elaborazioni statistiche in merito alle Sue caratteristiche personali per attivit\u00e0 di &#8220;clusterizzazione&#8221;, ovvero per la creazione &#8220;target group&#8221; per analisi interne e di monitoraggio sull&#8217;andamento del mercato e dei consumi, per la creazione di nuovi &#8220;cluster&#8221; di utenti sulla base di abitudini similari di navigazione e interessi. In caso di mancato consenso al trattamento dei Suoi dati personali per finalit\u00e0 di profilazione, la possibilit\u00e0 di navigare sul sito web e di beneficiare delle relative funzionalit\u00e0 non sar\u00e0 in alcun modo compromessa n\u00e8 Lei subir\u00e0 alcun&#8217;altra conseguenza pregiudizievole. Potr\u00e0 in ogni caso liberamente e gratuitamente revocare il Suo consenso al trattamento dei Suoi dati personali per finalit\u00e0 di profilazione in qualsiasi momento, facendocene richiesta nell&#8217;apposita sezione contatti.<\/p>\n<p><b>Trattamento dei dati personali per il marketing<\/b><\/p>\n<p>Con il Suo libero e facoltativo consenso (ai sensi dell&#8217;articolo 6, paragrafo 1, lettera a) del GDPR), tratteremo i Suoi dati personali per finalit\u00e0 di marketing, che includono la vendita diretta, l&#8217;invio di materiale pubblicitario, l&#8217;esecuzione di ricerche di mercato, la comunicazione commerciale e la valutazione del grado di soddisfazione della clientela. Invieremo informazioni e offerte relative ai prodotti e servizi di MONGUZZI s.r.l. che riteniamo possano interessarLe tramite posta, e-mail, SMS, fax, telefono fisso\/mobile con o senza operatore, WhatsApp o social media (come, ad esempio, Facebook, Instagram e Twitter).<br \/>\nIl consenso al trattamento dei Suoi dati personali per finalit\u00e0 di marketing \u00e8 libero e facoltativo. In caso di mancato consenso, non subir\u00e0 alcuna conseguenza pregiudizievole. Pu\u00f2 revocare il Suo consenso al trattamento dei dati per finalit\u00e0 di marketing in qualsiasi momento e gratuitamente, senza alcuna conseguenza, utilizzando le modalit\u00e0 indicate nella sezione apposita. Pu\u00f2 inoltre scegliere di revocare il consenso in maniera selettiva, specificando quali modalit\u00e0 di contatto non desidera pi\u00f9 ricevere.<br \/>\nLa preghiamo quindi di comunicarci se desidera acconsentire al trattamento dei Suoi dati personali per finalit\u00e0 di marketing e di selezionare l&#8217;apposita casella di richiesta di consenso.<\/p>\n<p><b>Altri trattamenti<\/b><\/p>\n<p>In tutti gli altri casi in cui Lei ci fornisca dati personali in qualsiasi altra modalit\u00e0, ci\u00f2 avverr\u00e0 sempre su base volontaria. Le Sue informazioni saranno trattate da noi per elaborare la Sua richiesta in conformit\u00e0 con l&#8217;articolo 6, paragrafo 1, lettera b) (se la Sua richiesta si riferisce ad un possibile contratto da stipulare con noi o ad un contratto gi\u00e0 stipulato con noi) o f) del GDPR (per ogni altro tipo di richiesta) e in questo contesto possono anche essere trasmessi a terzi solo allo scopo di evadere la sua richiesta.<\/p>\n<h2><b>Modalit\u00e0 di trattamento<\/b><\/h2>\n<p>Il trattamento consiste, ad esempio, in operazioni di raccolta, registrazione, organizzazione, conservazione, estrazione, consultazione, uso, comunicazione, cancellazione dei dati personali. Esso viene effettuato, per le finalit\u00e0 suddette, secondo i principi (ex art. 5 del GDPR n. 2016\/679) di liceit\u00e0, correttezza, trasparenza, minimizzazione dei dati ed esattezza. I dati sono trattati con modalit\u00e0 telefoniche, cartacee, informatiche e telematiche. Il trattamento avviene mediante strumenti idonei, misure tecniche ed organizzative adeguate a garantire la sicurezza, l&#8217;integrit\u00e0 e la riservatezza, evitando in particolare il rischio di perdita, accesso non autorizzato, uso illecito, diffusione, nel rispetto di quanto previsto anche dall&#8217;art. 32 del GDPR n. 2016\/679, ad opera dei soggetti e in ottemperanza alle previsioni di cui all&#8217;art. 29 del GDPR n. 2016\/679 ed all&#8217;art. 2-quaterdecies del Codice Privacy.<\/p>\n<h2><b>Natura del conferimento dei dati e conseguenze del rifiuto di rispondere<\/b><\/h2>\n<p>Il conferimento dei dati per le finalit\u00e0 obbligatorie non richiede il consenso esplicito. Senza tali dati, non saremo in grado di fornire i nostri servizi. Il conferimento dei dati per altre finalit\u00e0 \u00e8 facoltativo e richiede il Suo esplicito consenso. In caso di mancato consenso, non potr\u00e0 ricevere newsletter, materiale informativo o comunicazioni commerciali riguardanti i servizi offerti dal Titolare o da aziende terze. Tuttavia, continuer\u00e0 comunque ad avere accesso ai nostri servizi.<br \/>\nTrattiamo le sue informazioni personali solo quando esiste una base giuridica per tale trattamento. Le basi giuridiche includono:<\/p>\n<ul>\n<li>Il Suo consenso alle attivit\u00e0 di trattamento in questione<\/li>\n<li>Il rispetto degli obblighi di legge che siamo tenuti a soddisfare<\/li>\n<li>L&#8217;esecuzione di norme dettate da leggi o regolamenti, o da contratti, accordi o altri strumenti giuridici<\/li>\n<li>Studi condotti da enti di ricerca, preferibilmente su informazioni personali anonimizzate<\/li>\n<li>L&#8217;esecuzione di un contratto e dei relativi adempimenti precontrattuali, se Lei \u00e8 parte di tale contratto<\/li>\n<li>L&#8217;esercizio dei nostri diritti in giudizio, in procedimenti amministrativi o in arbitrati<\/li>\n<li>La difesa o la protezione dell&#8217;incolumit\u00e0 fisica Sua o di un terzo<\/li>\n<li>La tutela della salute, nel contesto di procedure messe in atto da entit\u00e0 o professionisti del settore sanitario<\/li>\n<li>Il nostro legittimo interesse, purch\u00e9 i Suoi diritti e le Sue libert\u00e0 fondamentali non prevalgano su tali interessi<\/li>\n<li>La protezione del credito.<\/li>\n<\/ul>\n<h2><strong>Accesso ai dati<\/strong><\/h2>\n<p>I Suoi dati potranno essere resi accessibili per le finalit\u00e0 di cui sotto:<br \/>\nAi dipendenti e collaboratori del Titolare nella loro qualit\u00e0 di incaricati del trattamento e\/o amministratori di sistema;<br \/>\nA societ\u00e0 terze o altri soggetti (a titolo indicativo: studi professionali, consulenti, software house che forniscono i gestionali, istituti di credito, assicurazioni, ecc.) che svolgono attivit\u00e0 in outsourcing per conto del Titolare, nella loro qualit\u00e0 di responsabili esterni del trattamento.<br \/>\nTra i Dati Personali raccolti da questo Sito Web, in modo autonomo o tramite terze parti, ci sono: Strumenti di Tracciamento; Dati di Utilizzo; nome; email; sito web; identificatori univoci di dispositivi per la pubblicit\u00e0 (Google Advertiser ID o identificatore IDFA, per esempio); numero di Utenti; citt\u00e0; informazioni sul dispositivo; statistiche delle sessioni; informazioni sul browser; risposte alle domande; clic; eventi keypress; eventi relativi ai sensori di movimento; movimenti del mouse; posizione relativa allo scorrimento; eventi touch.<\/p>\n<h2><b>Comunicazione dei dati<\/b><\/h2>\n<p>Il Titolare potr\u00e0 comunicare i Suoi dati alla Pubblica Amministrazione, agli Organismi di Vigilanza e\/o alle Autorit\u00e0 Giudiziarie, nonch\u00e9 a tutti gli altri soggetti ai quali la comunicazione sia obbligatoria o necessaria per legge. I Suoi dati non saranno diffusi.<\/p>\n<h2><b>Trasferimento di dati in paesi terzi<\/b><\/h2>\n<p>I suoi dati sono stati trasmessi a un Responsabile esterno la cui sede o luogo di trattamento dei dati non si trova in uno Stato membro dell&#8217;Unione Europea. Prima del trasferimento, ci siamo assicurati che il destinatario garantisse un livello adeguato di protezione dei dati attraverso una decisione di adeguatezza della Commissione Europea di cui all&#8217;articolo 45 del GDPR, mediante adeguate salvaguardie quali l&#8217;autocertificazione del beneficiario ai sensi dell&#8217;articolo 45 del GDPR e mediante la stipula delle cosiddette clausole contrattuali standard UE con l&#8217;importatore dei dati, ai sensi dell&#8217;articolo 46, paragrafo 2, lettera c) del GDPR, oppure Lei abbia espresso il Suo consenso a tale trasferimento di dati ai sensi dell&#8217;art. 49, paragrafo 1, lettera a) del GDPR.<\/p>\n<h2><b>Conservazione dei dati<\/b><\/h2>\n<p>Tutti i dati personali conferiti saranno trattati nel rispetto dei principi di liceit\u00e0, correttezza, pertinenza e proporzionalit\u00e0, esclusivamente con le modalit\u00e0 necessarie, anche informatiche e telematiche, per perseguire le finalit\u00e0 sopra descritte. I dati personali saranno conservati per un periodo di 6 anni successivi all&#8217;ultimo contatto avvenuto con l&#8217;interessato\/a o fino a richiesta di cancellazione da parte dello stesso. In tal caso, potranno essere comunque conservati i dati correlati al legittimo interesse del titolare o necessari per l&#8217;adempimento di obblighi di legge. Si evidenzia che i sistemi informativi impiegati per la gestione delle informazioni raccolte sono configurati, sin dall&#8217;origine, in modo da minimizzare l&#8217;utilizzo dei dati personali.<\/p>\n<h2><b>Diritti dell&#8217;interessato<\/b><\/h2>\n<p>Nella sua qualit\u00e0 di interessato, ha i diritti di cui all &#8216;art. 15 ss ed art. 77 del GDPR, e precisamente i diritti di:<\/p>\n<ul>\n<li>Ottenere dal titolare del trattamento la conferma che sia o meno in corso un trattamento di dati personali che lo riguardano e, in tal caso, di ottenere l &#8216;accesso ai dati personali e alle seguenti informazioni: le finalit\u00e0 del trattamento; le categorie di dati personali in questione; i destinatari o le categorie di destinatari a cui i dati personali sono stati o saranno comunicati, in particolare se destinatari di paesi terzi o organizzazioni internazionali; quando possibile, il periodo di conservazione dei dati personali previsto oppure, se non \u00e8 possibile, i criteri utilizzati per determinare tale periodo; qualora i dati non siano raccolti presso l &#8216;interessato, tutte le informazioni disponibili sulla loro origine; l &#8216;esistenza di un processo decisionale automatizzato, compresa la profilazione, e, almeno in tali casi, informazioni significative sulla logica utilizzata, nonch\u00e9 l &#8216;importanza e le conseguenze previste di tale trattamento per l &#8216;interessato;<\/li>\n<li>Ottenere dal titolare del trattamento la rettifica dei dati personali inesatti che lo riguardano senza ingiustificato ritardo. Tenuto conto delle finalit\u00e0 del trattamento, l &#8216;interessato ha il diritto di ottenere l &#8216;integrazione dei dati personali incompleti, anche fornendo una dichiarazione integrativa;<\/li>\n<li>Ottenere dal titolare del trattamento informazioni relative ai dati personali che lo riguardano senza ingiustificato ritardo, se sussiste uno dei motivi seguenti: i dati personali non sono pi\u00f9 necessari rispetto alle finalit\u00e0 per le quali sono stati raccolti o altrimenti trattati; l &#8216;interessato revoca il consenso su cui si basa il trattamento conformemente all &#8216;articolo 6, paragrafo 1, lettera a), o all &#8216;articolo 9, paragrafo 2, lettera a), e se non sussiste altro fondamento giuridico per il trattamento; l &#8216;interessato si oppone al trattamento ai sensi dell &#8216;articolo 21, paragrafo 1, e non sussiste alcun motivo legittimo prevalente per procedere al trattamento, oppure si oppone al trattamento ai sensi dell &#8216;articolo 21, paragrafo 2; i dati personali sono stati trattati illecitamente; i dati personali devono essere cancellati per adempiere un obbligo legale previsto dal diritto dell &#8216;Unione o dello Stato membro cui \u00e8 soggetto il titolare del trattamento;<\/li>\n<li>Ottenere dal titolare del trattamento la limitazione del trattamento quando ricorre una delle seguenti ipotesi: l &#8216;interessato contesta l &#8216;esattezza dei dati personali, per il periodo necessario al titolare del trattamento per verificare l &#8216;esattezza di tali dati personali; il trattamento \u00e8 illecito e l &#8216;interessato si oppone alla cancellazione dei dati personali e chiede invece che ne sia limitato l &#8216;utilizzo; bench\u00e9 il titolare del trattamento non ne abbia pi\u00f9 bisogno ai fini del trattamento, i dati personali sono necessari all &#8216;interessato per l &#8216;accertamento, l &#8216;esercizio o la difesa di un diritto in sede giudiziaria; l &#8216;interessato si \u00e8 opposto al trattamento ai sensi dell &#8216;articolo 21, paragrafo 1, in attesa della verifica in merito all &#8216;eventuale prevalenza dei motivi legittimi del titolare del trattamento rispetto a quelli dell &#8216;interessato;<\/li>\n<li>Ricevere in un formato strutturato, di uso comune e leggibile da dispositivo automatico i dati personali che lo riguardano forniti a un titolare del trattamento e trasmettere tali dati a un altro titolare del trattamento senza impedimenti da parte del titolare del trattamento cui li ha forniti qualora il trattamento sia effettuato con mezzi digitali. Nell &#8216;esercitare i propri diritti relativamente alla portabilit\u00e0 dei dati, l &#8216;interessato ha il diritto di ottenere la trasmissione diretta dei dati personali da un titolare del trattamento all &#8216;altro, se tecnicamente fattibile;<\/li>\n<li>Opporsi in qualsiasi momento, per motivi connessi alla sua situazione particolare, al trattamento dei dati personali che lo riguardano ai sensi dell &#8216;articolo 6, paragrafo 1, lettere e) o f), compresa la profilazione sulla base di tali disposizioni. Qualora i dati personali siano trattati per finalit\u00e0 di marketing diretto, l &#8216;interessato ha il diritto di opporsi in qualsiasi momento al trattamento dei dati personali che lo riguardano effettuato per tali finalit\u00e0, compresa la profilazione nella misura in cui sia connessa a tale marketing;<\/li>\n<li>Diritto di non essere sottoposto a una decisione basata unicamente sul trattamento automatizzato, compresa la profilazione, che produca effetti giuridici che lo riguardano o che incida in modo analogo significativamente sulla sua persona;<\/li>\n<li>Diritto di proporre reclamo a un &#8216;autorit\u00e0 di controllo ai sensi dell &#8216;art. 77.<\/li>\n<\/ul>\n<h2><b>Modalit\u00e0 di esercizio dei diritti<\/b><\/h2>\n<p>Potr\u00e0 in qualsiasi momento esercitare i diritti contattando il Titolare al seguente indirizzo e-mail: info@monguzzibordi.com<\/p>\n<h2><b>Responsabili esterni e incaricati<\/b><\/h2>\n<p>L&#8217;elenco aggiornato dei responsabili esterni e degli incaricati al trattamento \u00e8 custodito presso la sede legale del Titolare del trattamento<\/p>\n<h2><b>Modifica dell&#8217;attuale informativa<\/b><\/h2>\n<p>La presente informativa \u00e8 stata redatta il giorno 07-08-2024 e potrebbe subire variazioni nel tempo anche in funzione delle integrazioni o modifiche legislative e regolamentari in materia. L&#8217;Interessato \u00e8 invitato a consultare spesso questa pagina.<\/p>\n<p><a href=\"https:\/\/www.garanteprivacy.it\/web\/guest\/home\/docweb\/-\/docweb-display\/docweb\/9732629\" target=\"_blank\" rel=\"noopener noreferrer\">Icone<\/a>\u00a0di\u00a0<a href=\"https:\/\/www.athlantic.it\/\" target=\"_blank\" rel=\"noopener noreferrer\">Athlantic S.r.l.<\/a>\u00a0concesso su licenza\u00a0<a href=\"https:\/\/creativecommons.org\/licenses\/by\/4.0\/\" target=\"_blank\" rel=\"noopener noreferrer\">CC BY 4.0<\/a>. Utilizzo libero senza cancellare questa menzione<\/p>\n\t\t\t\t\t<\/article>\n\t\t\t\t<\/div>\n\t\t\t<\/div>\n\t\t<\/div>\n\t<\/article>\n<\/section>\n\n\n<section id=\"contact-form\" class=\"contact-form-wrapper\" style=\"background-image:url(https:\/\/monguzzi.codeforce.it\/wp-content\/uploads\/2024\/07\/bkg-contact-form.webp);\">\n\t\t<div class=\"container\">\n\t\t<div class=\"row\">\n\t\t\t<div class=\"col-12 col-lg-6\">\n\t\t\t\t<header>\n\t\t\t\t\t<h2>Online inquiry form<\/h2>\n\t\t\t\t<\/header>\n\t\t\t\t\n<div class=\"wpcf7 no-js\" id=\"wpcf7-f1926-o1\" lang=\"en-US\" dir=\"ltr\" data-wpcf7-id=\"1926\">\n<div class=\"screen-reader-response\"><p role=\"status\" aria-live=\"polite\" aria-atomic=\"true\"><\/p> <ul><\/ul><\/div>\n<form action=\"\/en\/wp-json\/wp\/v2\/pages\/2256#wpcf7-f1926-o1\" method=\"post\" class=\"wpcf7-form init\" aria-label=\"Contact form\" novalidate=\"novalidate\" data-status=\"init\">\n<div style=\"display: none;\">\n<input type=\"hidden\" name=\"_wpcf7\" value=\"1926\" \/>\n<input type=\"hidden\" name=\"_wpcf7_version\" value=\"6.0.1\" \/>\n<input type=\"hidden\" name=\"_wpcf7_locale\" value=\"en_US\" \/>\n<input type=\"hidden\" name=\"_wpcf7_unit_tag\" value=\"wpcf7-f1926-o1\" \/>\n<input type=\"hidden\" name=\"_wpcf7_container_post\" value=\"0\" \/>\n<input type=\"hidden\" name=\"_wpcf7_posted_data_hash\" value=\"\" \/>\n<input type=\"hidden\" name=\"_wpcf7_recaptcha_response\" value=\"\" \/>\n<\/div>\n<fieldset class=\"fieldset-wrapper\">\n\t<div>\n\t\t<div class=\"row form-field-wrapper contact-form\">\n\t\t\t<div class=\"col-12\">\n\t\t\t\t<p>You can inquire about our products and services by filling in the online form underneath and you will be contacted in due course by our team.\n\t\t\t\t<\/p>\n\t\t\t\t<p class=\"note\">Fields with an asterisk (*) are mandatory.\n\t\t\t\t<\/p>\n\t\t\t<\/div>\n\t\t<\/div>\n\t\t<div class=\"row\">\n\t\t\t<div class=\"col-12 col-lg-6\">\n\t\t\t\t<div class=\"form-field field\">\n\t\t\t\t\t<p><span class=\"wpcf7-form-control-wrap\" data-name=\"firstname\"><input size=\"40\" maxlength=\"400\" class=\"wpcf7-form-control wpcf7-text wpcf7-validates-as-required\" id=\"name\" aria-required=\"true\" aria-invalid=\"false\" placeholder=\"Name *\" value=\"\" type=\"text\" name=\"firstname\" \/><\/span>\n\t\t\t\t\t<\/p>\n\t\t\t\t<\/div>\n\t\t\t<\/div>\n\t\t\t<div class=\"col-12 col-lg-6\">\n\t\t\t\t<div class=\"form-field field\">\n\t\t\t\t\t<p><span class=\"wpcf7-form-control-wrap\" data-name=\"surname\"><input size=\"40\" maxlength=\"400\" class=\"wpcf7-form-control wpcf7-text wpcf7-validates-as-required\" id=\"surname\" aria-required=\"true\" aria-invalid=\"false\" placeholder=\"Surname *\" value=\"\" type=\"text\" name=\"surname\" \/><\/span>\n\t\t\t\t\t<\/p>\n\t\t\t\t<\/div>\n\t\t\t<\/div>\n\t\t<\/div>\n\t\t<div class=\"row\">\n\t\t\t<div class=\"col-12 col-lg-6\">\n\t\t\t\t<div class=\"form-field field\">\n\t\t\t\t\t<p><span class=\"wpcf7-form-control-wrap\" data-name=\"email\"><input size=\"40\" maxlength=\"400\" class=\"wpcf7-form-control wpcf7-email wpcf7-validates-as-required wpcf7-text wpcf7-validates-as-email\" id=\"email\" aria-required=\"true\" aria-invalid=\"false\" placeholder=\"E-mail address *\" value=\"\" type=\"email\" name=\"email\" \/><\/span>\n\t\t\t\t\t<\/p>\n\t\t\t\t<\/div>\n\t\t\t<\/div>\n\t\t\t<div class=\"col-12 col-lg-6\">\n\t\t\t\t<div class=\"form-field field\">\n\t\t\t\t\t<p><span class=\"wpcf7-form-control-wrap\" data-name=\"phone\"><input size=\"40\" maxlength=\"400\" class=\"wpcf7-form-control wpcf7-tel wpcf7-validates-as-required wpcf7-text wpcf7-validates-as-tel\" id=\"phone\" aria-required=\"true\" aria-invalid=\"false\" placeholder=\"Phone number *\" value=\"\" type=\"tel\" name=\"phone\" \/><\/span>\n\t\t\t\t\t<\/p>\n\t\t\t\t<\/div>\n\t\t\t<\/div>\n\t\t<\/div>\n\t\t<div class=\"row\">\n\t\t\t<div class=\"col-12\">\n\t\t\t\t<div class=\"form-field field\">\n\t\t\t\t\t<p><span class=\"wpcf7-form-control-wrap\" data-name=\"city\"><input size=\"40\" maxlength=\"400\" class=\"wpcf7-form-control wpcf7-text wpcf7-validates-as-required\" id=\"city\" aria-required=\"true\" aria-invalid=\"false\" placeholder=\"City *\" value=\"\" type=\"text\" name=\"city\" \/><\/span>\n\t\t\t\t\t<\/p>\n\t\t\t\t<\/div>\n\t\t\t<\/div>\n\t\t<\/div>\n\t\t<div class=\"row\">\n\t\t\t<div class=\"col-12\">\n\t\t\t\t<div class=\"form-field text-area\">\n\t\t\t\t\t<p><span class=\"wpcf7-form-control-wrap\" data-name=\"message\"><textarea cols=\"40\" rows=\"10\" maxlength=\"2000\" class=\"wpcf7-form-control wpcf7-textarea wpcf7-validates-as-required\" id=\"message\" aria-required=\"true\" aria-invalid=\"false\" placeholder=\"Message *\" name=\"message\"><\/textarea><\/span>\n\t\t\t\t\t<\/p>\n\t\t\t\t<\/div>\n\t\t\t<\/div>\n\t\t<\/div>\n\t\t<div class=\"row\">\n\t\t\t<div class=\"col-12\">\n\t\t\t\t<div class=\"form-field checkbox\">\n\t\t\t\t\t<p><span class=\"wpcf7-form-control-wrap\" data-name=\"privacy\"><span class=\"wpcf7-form-control wpcf7-acceptance\"><span class=\"wpcf7-list-item\"><input type=\"checkbox\" name=\"privacy\" value=\"1\" id=\"form_legal\" aria-invalid=\"false\" \/><\/span><\/span><\/span><label for=\"form_legal\">I consent to the processing of personal data for the purposes and with the methods specifically indicated in the <a href=\"\/en\/privacy-policy\/\" target=\"_blank\">privacy policy<\/a> pursuant to Legislative Decree 196\/03 and pursuant to EU Reg. 2016\/679 (\u201cGDPR\u201d) *<\/label>\n\t\t\t\t\t<\/p>\n\t\t\t\t<\/div>\n\t\t\t<\/div>\n\t\t<\/div>\n\t\t<div class=\"row\">\n\t\t\t<div class=\"col-12\">\n\t\t\t\t<div class=\"form-field radio\">\n\t\t\t\t\t<p><label><em>Expression of consent for receiving informative, promotional communications and offers via text message and\/or e-mail:<\/em><\/label><br \/>\n<span class=\"wpcf7-form-control-wrap\" data-name=\"marketing\"><span class=\"wpcf7-form-control wpcf7-radio marketing\"><span class=\"wpcf7-list-item first\"><label><input type=\"radio\" name=\"marketing\" value=\"I consent\" checked=\"checked\" \/><span class=\"wpcf7-list-item-label\">I consent<\/span><\/label><\/span><span class=\"wpcf7-list-item last\"><label><input type=\"radio\" name=\"marketing\" value=\"I do not consent\" \/><span class=\"wpcf7-list-item-label\">I do not consent<\/span><\/label><\/span><\/span><\/span>\n\t\t\t\t\t<\/p>\n\t\t\t\t<\/div>\n\t\t\t<\/div>\n\t\t<\/div>\n\t\t<div class=\"row\">\n\t\t\t<div class=\"col-12 col-lg-4\">\n\t\t\t\t<div class=\"form-button\">\n\t\t\t\t\t<p><input class=\"wpcf7-form-control wpcf7-submit has-spinner btn dark\" type=\"submit\" value=\"Send message\" \/>\n\t\t\t\t\t<\/p>\n\t\t\t\t<\/div>\n\t\t\t<\/div>\n\t\t<\/div>\n\t\t<div class=\"row\">\n\t\t\t<div class=\"col-12 recaptchagoogle\">\n\t\t\t\t<p>This site is protected by reCAPTCHA and the <a href=\"https:\/\/policies.google.com\/privacy\" target=\"_blank\" rel=\"nofollow\">Privacy Policy<\/a> and Google&#8217;s <a href=\"https:\/\/policies.google.com\/terms\" target=\"_blank\" rel=\"nofollow\">Terms of Service<\/a>\n\t\t\t\t<\/p>\n\t\t\t<\/div>\n\t\t<\/div>\n\t<\/div>\n<\/fieldset><div class=\"wpcf7-response-output\" aria-hidden=\"true\"><\/div>\n<\/form>\n<\/div>\n\t\t\t<\/div>\n\t\t<\/div>\n\t<\/div>\n\t<\/section>\n","protected":false},"excerpt":{"rendered":"","protected":false},"author":1,"featured_media":0,"parent":0,"menu_order":0,"comment_status":"closed","ping_status":"open","template":"","meta":{"_acf_changed":false,"footnotes":""},"class_list":["post-2256","page","type-page","status-publish","hentry"],"acf":[],"_links":{"self":[{"href":"https:\/\/monguzzi.codeforce.it\/en\/wp-json\/wp\/v2\/pages\/2256","targetHints":{"allow":["GET"]}}],"collection":[{"href":"https:\/\/monguzzi.codeforce.it\/en\/wp-json\/wp\/v2\/pages"}],"about":[{"href":"https:\/\/monguzzi.codeforce.it\/en\/wp-json\/wp\/v2\/types\/page"}],"author":[{"embeddable":true,"href":"https:\/\/monguzzi.codeforce.it\/en\/wp-json\/wp\/v2\/users\/1"}],"replies":[{"embeddable":true,"href":"https:\/\/monguzzi.codeforce.it\/en\/wp-json\/wp\/v2\/comments?post=2256"}],"version-history":[{"count":1,"href":"https:\/\/monguzzi.codeforce.it\/en\/wp-json\/wp\/v2\/pages\/2256\/revisions"}],"predecessor-version":[{"id":2561,"href":"https:\/\/monguzzi.codeforce.it\/en\/wp-json\/wp\/v2\/pages\/2256\/revisions\/2561"}],"wp:attachment":[{"href":"https:\/\/monguzzi.codeforce.it\/en\/wp-json\/wp\/v2\/media?parent=2256"}],"curies":[{"name":"wp","href":"https:\/\/api.w.org\/{rel}","templated":true}]}}